{"id":1534,"date":"2024-02-07T11:10:32","date_gmt":"2024-02-07T11:10:32","guid":{"rendered":"https:\/\/maag.codesupply.co\/gear\/?page_id=1534"},"modified":"2024-02-07T11:10:32","modified_gmt":"2024-02-07T11:10:32","slug":"terms-of-use","status":"publish","type":"page","link":"https:\/\/favilist.com\/es\/terms-of-use\/","title":{"rendered":"Condiciones de uso"},"content":{"rendered":"<h2 class=\"wp-block-heading\">Introducci\u00f3n<\/h2>\n\n\n\n<p>Bienvenido a The Maag. Al acceder a nuestro sitio web, usted acepta estos T\u00e9rminos de uso, nuestra Pol\u00edtica de privacidad y cualquier otro aviso legal publicado por nosotros en el sitio web. Estos t\u00e9rminos rigen el uso de nuestro sitio web y su contenido. Si no est\u00e1 de acuerdo con alguno de estos t\u00e9rminos, se le proh\u00edbe usar o acceder a este sitio.<\/p>\n\n\n\n<h2 class=\"wp-block-heading\">Derechos de propiedad intelectual<\/h2>\n\n\n\n<p>El contenido publicado en The Maag, incluidos art\u00edculos, fotograf\u00edas, videos, gr\u00e1ficos y dise\u00f1o general, es de nuestra propiedad o de nuestros licenciantes y est\u00e1 protegido por derechos de autor, marcas registradas, patentes y otras leyes de propiedad intelectual. No puede reproducir, distribuir, modificar ni crear trabajos derivados de nuestro contenido sin nuestro permiso expreso por escrito.<\/p>\n\n\n\n<h2 class=\"wp-block-heading\">Licencia de uso<\/h2>\n\n\n\n<p>(a) Se concede permiso para descargar temporalmente una copia de los materiales (informaci\u00f3n o software) del sitio web de The Maag para visualizaci\u00f3n transitoria personal y no comercial \u00fanicamente. Esta es la concesi\u00f3n de una licencia, no una transferencia de t\u00edtulo, y bajo esta licencia, usted no puede:<\/p>\n\n\n\n<ul class=\"wp-block-list\">\n<li>modificar o copiar los materiales;<\/li>\n\n\n\n<li>utilizar los materiales para cualquier prop\u00f3sito comercial o para cualquier exhibici\u00f3n p\u00fablica (comercial o no comercial);<br>intentar descompilar o realizar ingenier\u00eda inversa a cualquier software contenido en el sitio web de The Maag;<br>eliminar cualquier copyright u otras notaciones de propiedad de los materiales; o<br>transferir los materiales a otra persona o \u201cduplicar\u201d los materiales en cualquier otro servidor.<\/li>\n<\/ul>\n\n\n\n<p>(b) Esta licencia terminar\u00e1 autom\u00e1ticamente si usted viola cualquiera de estas restricciones y The Maag podr\u00e1 rescindirla en cualquier momento. Al finalizar la visualizaci\u00f3n de estos materiales o al finalizar esta licencia, deber\u00e1 destruir cualquier material descargado que se encuentre en su posesi\u00f3n, ya sea en formato electr\u00f3nico o impreso.<\/p>\n\n\n\n<h2 class=\"wp-block-heading\">Descargo de responsabilidad<\/h2>\n\n\n\n<p>Los materiales del sitio web de The Maag se proporcionan &quot;tal como est\u00e1n&quot;. The Maag no ofrece garant\u00edas, expresas o impl\u00edcitas, y por la presente renuncia y niega todas las dem\u00e1s garant\u00edas, incluidas, entre otras, las garant\u00edas o condiciones impl\u00edcitas de comerciabilidad, idoneidad para un fin determinado o no infracci\u00f3n de la propiedad intelectual u otra violaci\u00f3n de derechos.<br>Adem\u00e1s, The Maag no garantiza ni hace ninguna declaraci\u00f3n sobre la precisi\u00f3n, los resultados probables o la confiabilidad del uso de los materiales en su sitio web o relacionados con dichos materiales o en cualquier sitio vinculado a este sitio.<\/p>\n\n\n\n<h2 class=\"wp-block-heading\">Limitaciones<\/h2>\n\n\n\n<p>En ning\u00fan caso The Maag o sus proveedores ser\u00e1n responsables de ning\u00fan da\u00f1o (incluidos, sin limitaci\u00f3n, da\u00f1os por p\u00e9rdida de datos o ganancias o debido a la interrupci\u00f3n del negocio) que surja del uso o la imposibilidad de usar los materiales en el sitio web de The Maag, incluso si The Maag o un representante autorizado de The Maag ha sido notificado oralmente o por escrito de la posibilidad de tal da\u00f1o.<\/p>\n\n\n\n<h2 class=\"wp-block-heading\">Campo de golf<\/h2>\n\n\n\n<p>The Maag no ha revisado todos los sitios vinculados a su sitio web y no es responsable del contenido de dichos sitios. La inclusi\u00f3n de cualquier enlace no implica la aprobaci\u00f3n por parte de The Maag del sitio. El uso de dichos sitios web vinculados se realiza por cuenta y riesgo del usuario.<\/p>\n\n\n\n<h2 class=\"wp-block-heading\">Modificaciones<\/h2>\n\n\n\n<p>El Maag puede modificar estas condiciones de uso de su sitio web en cualquier momento y sin previo aviso. Al utilizar este sitio web, usted acepta estar sujeto a la versi\u00f3n vigente de estas Condiciones de uso.<\/p>\n\n\n\n<h2 class=\"wp-block-heading\">Informaci\u00f3n del contacto<\/h2>\n\n\n\n<p>Si tiene alguna pregunta sobre estos T\u00e9rminos de uso, comun\u00edquese con nosotros.<\/p>","protected":false},"excerpt":{"rendered":"Introduction Welcome to The Maag. By accessing our website, you agree to these Terms of Use, our Privacy&hellip;","protected":false},"author":5,"featured_media":0,"parent":0,"menu_order":0,"comment_status":"closed","ping_status":"closed","template":"","meta":{"csco_display_header_overlay":false,"csco_singular_sidebar":"","csco_page_header_type":"","csco_page_load_nextpost":"","csco_post_video_location":[],"csco_post_video_location_hash":"","csco_post_video_url":"","csco_post_video_bg_start_time":0,"csco_post_video_bg_end_time":0,"footnotes":""},"class_list":{"0":"post-1534","1":"page","2":"type-page","3":"status-publish","5":"cs-entry","6":"cs-video-wrap"},"aioseo_notices":[],"_links":{"self":[{"href":"https:\/\/favilist.com\/es\/wp-json\/wp\/v2\/pages\/1534","targetHints":{"allow":["GET"]}}],"collection":[{"href":"https:\/\/favilist.com\/es\/wp-json\/wp\/v2\/pages"}],"about":[{"href":"https:\/\/favilist.com\/es\/wp-json\/wp\/v2\/types\/page"}],"author":[{"embeddable":true,"href":"https:\/\/favilist.com\/es\/wp-json\/wp\/v2\/users\/5"}],"replies":[{"embeddable":true,"href":"https:\/\/favilist.com\/es\/wp-json\/wp\/v2\/comments?post=1534"}],"version-history":[{"count":0,"href":"https:\/\/favilist.com\/es\/wp-json\/wp\/v2\/pages\/1534\/revisions"}],"wp:attachment":[{"href":"https:\/\/favilist.com\/es\/wp-json\/wp\/v2\/media?parent=1534"}],"curies":[{"name":"gracias","href":"https:\/\/api.w.org\/{rel}","templated":true}]}}